{"id":1836,"date":"2019-02-14T17:05:51","date_gmt":"2019-02-14T15:05:51","guid":{"rendered":"http:\/\/villanyasz.eu\/elektromos-auto-toltok\/"},"modified":"2019-02-14T17:05:51","modified_gmt":"2019-02-14T15:05:51","slug":"elektromos-auto-toltok","status":"publish","type":"page","link":"https:\/\/villanyasz.eu\/en\/elektromos-auto-toltok\/","title":{"rendered":"Elektromos aut\u00f3 t\u00f6lt\u0151k"},"content":{"rendered":"<p>[vc_row][vc_column]<div class=\"woocommerce columns-4\"><div class=\"wf-container woo-hover loading-effect-fade-in description-on-hover cart-btn-on-img hide-description\" data-padding=\"0px\" data-cur-page=\"1\" data-desktop-columns-num=\"4\" data-v-tablet-columns-num=\"2\" data-h-tablet-columns-num=\"3\" data-phone-columns-num=\"1\">\r\n\r\n<article class=\"post product-category product first\">\r\n\r\n\t<figure class=\"woocom-project\">\r\n\r\n\t<a href=\"https:\/\/villanyasz.eu\/termekek\/toltooszlopok\/\" class=\"\"><img decoding=\"async\" class=\"preload-me\" src=\"https:\/\/villanyasz.eu\/vllnysz17\/wp-content\/uploads\/toltooszlopok-kiemelt-kep-300x300.jpg\" alt=\"T\u00f6lt\u0151oszlopok\" width=\"300\" height=\"\" srcset=\"https:\/\/villanyasz.eu\/vllnysz17\/wp-content\/uploads\/toltooszlopok-kiemelt-kep-300x300.jpg 300w, https:\/\/villanyasz.eu\/vllnysz17\/wp-content\/uploads\/toltooszlopok-kiemelt-kep-150x150.jpg 150w, https:\/\/villanyasz.eu\/vllnysz17\/wp-content\/uploads\/toltooszlopok-kiemelt-kep-768x768.jpg 768w, https:\/\/villanyasz.eu\/vllnysz17\/wp-content\/uploads\/toltooszlopok-kiemelt-kep-600x600.jpg 600w, https:\/\/villanyasz.eu\/vllnysz17\/wp-content\/uploads\/toltooszlopok-kiemelt-kep-100x100.jpg 100w, https:\/\/villanyasz.eu\/vllnysz17\/wp-content\/uploads\/toltooszlopok-kiemelt-kep.jpg 1000w\" sizes=\"(max-width: 300px) 100vw, 300px\" \/><\/a>\r\n\t\r\n<\/figure>\r\n<\/article>\r\n\r\n\r\n\r\n<article class=\"post product-category product\">\r\n\r\n\t<figure class=\"woocom-project\">\r\n\r\n\t<a href=\"https:\/\/villanyasz.eu\/termekek\/falitoltok\/\" class=\"\"><img decoding=\"async\" class=\"preload-me\" src=\"https:\/\/villanyasz.eu\/vllnysz17\/wp-content\/uploads\/falitoltok-kiemelt-kep-300x300.jpg\" alt=\"Falit\u00f6lt\u0151k\" width=\"300\" height=\"\" srcset=\"https:\/\/villanyasz.eu\/vllnysz17\/wp-content\/uploads\/falitoltok-kiemelt-kep-300x300.jpg 300w, https:\/\/villanyasz.eu\/vllnysz17\/wp-content\/uploads\/falitoltok-kiemelt-kep-150x150.jpg 150w, https:\/\/villanyasz.eu\/vllnysz17\/wp-content\/uploads\/falitoltok-kiemelt-kep-768x768.jpg 768w, https:\/\/villanyasz.eu\/vllnysz17\/wp-content\/uploads\/falitoltok-kiemelt-kep-600x600.jpg 600w, https:\/\/villanyasz.eu\/vllnysz17\/wp-content\/uploads\/falitoltok-kiemelt-kep-100x100.jpg 100w, https:\/\/villanyasz.eu\/vllnysz17\/wp-content\/uploads\/falitoltok-kiemelt-kep.jpg 1000w\" sizes=\"(max-width: 300px) 100vw, 300px\" \/><\/a>\r\n\t\r\n<\/figure>\r\n<\/article>\r\n\r\n\r\n\r\n<article class=\"post product-category product\">\r\n\r\n\t<figure class=\"woocom-project\">\r\n\r\n\t<a href=\"https:\/\/villanyasz.eu\/termekek\/toltokabelek-es-kiegeszitok\/\" class=\"\"><img decoding=\"async\" class=\"preload-me\" src=\"https:\/\/villanyasz.eu\/vllnysz17\/wp-content\/uploads\/toltokabelek-es-kiegeszitok-300x300.jpg\" alt=\"T\u00f6lt\u0151k\u00e1belek \u00e9s kieg\u00e9sz\u00edt\u0151k\" width=\"300\" height=\"\" srcset=\"https:\/\/villanyasz.eu\/vllnysz17\/wp-content\/uploads\/toltokabelek-es-kiegeszitok-300x300.jpg 300w, https:\/\/villanyasz.eu\/vllnysz17\/wp-content\/uploads\/toltokabelek-es-kiegeszitok-150x150.jpg 150w, https:\/\/villanyasz.eu\/vllnysz17\/wp-content\/uploads\/toltokabelek-es-kiegeszitok-768x768.jpg 768w, https:\/\/villanyasz.eu\/vllnysz17\/wp-content\/uploads\/toltokabelek-es-kiegeszitok-600x600.jpg 600w, https:\/\/villanyasz.eu\/vllnysz17\/wp-content\/uploads\/toltokabelek-es-kiegeszitok-100x100.jpg 100w, https:\/\/villanyasz.eu\/vllnysz17\/wp-content\/uploads\/toltokabelek-es-kiegeszitok.jpg 1000w\" sizes=\"(max-width: 300px) 100vw, 300px\" \/><\/a>\r\n\t\r\n<\/figure>\r\n<\/article>\r\n\r\n<\/div><\/div>[\/vc_column][\/vc_row]<\/p>\n","protected":false},"excerpt":{"rendered":"<p>[vc_row][vc_column][\/vc_column][\/vc_row]<\/p>\n","protected":false},"author":1,"featured_media":0,"parent":0,"menu_order":0,"comment_status":"closed","ping_status":"closed","template":"","meta":[],"_links":{"self":[{"href":"https:\/\/villanyasz.eu\/en\/wp-json\/wp\/v2\/pages\/1836"}],"collection":[{"href":"https:\/\/villanyasz.eu\/en\/wp-json\/wp\/v2\/pages"}],"about":[{"href":"https:\/\/villanyasz.eu\/en\/wp-json\/wp\/v2\/types\/page"}],"author":[{"embeddable":true,"href":"https:\/\/villanyasz.eu\/en\/wp-json\/wp\/v2\/users\/1"}],"replies":[{"embeddable":true,"href":"https:\/\/villanyasz.eu\/en\/wp-json\/wp\/v2\/comments?post=1836"}],"version-history":[{"count":0,"href":"https:\/\/villanyasz.eu\/en\/wp-json\/wp\/v2\/pages\/1836\/revisions"}],"wp:attachment":[{"href":"https:\/\/villanyasz.eu\/en\/wp-json\/wp\/v2\/media?parent=1836"}],"curies":[{"name":"wp","href":"https:\/\/api.w.org\/{rel}","templated":true}]}}