{"id":1840,"date":"2017-04-07T15:07:15","date_gmt":"2017-04-07T13:07:15","guid":{"rendered":"http:\/\/villanyasz.eu\/cegleiras\/"},"modified":"2024-06-12T13:27:09","modified_gmt":"2024-06-12T11:27:09","slug":"our-company","status":"publish","type":"page","link":"https:\/\/villanyasz.eu\/en\/about-us\/our-company\/","title":{"rendered":"Our Company"},"content":{"rendered":"<p>[vc_row][vc_column][vc_single_image image=&#8221;763&#8243; img_size=&#8221;1000&#215;531&#8243; css=&#8221;.vc_custom_1491577520670{margin-bottom: 35px !important;}&#8221;][vc_column_text]<\/p>\n<h2>Our Company<\/h2>\n<p>Our company has been in constant development and expansion from its foundation to these days, and evolved into a successful organization holding its business site and office, vehicles and all tools meeting the highest requirements of the industry.<\/p>\n<p>Our main service is electric planning and implementation. As primary projects, we provide industrial electric and technological installations for corporations, but we assist individuals and public bodies too.<\/p>\n<p>As to expand our range of activties further, in 2015 we established our branch of outdoor and sports electronics webstore, with wholesale and retail sales for export and import markets.<\/p>\n<p>To explore our services in details, p\u00e9ld\u00e1s\u00e9 check \u201eSERVICES\u201d menu.[\/vc_column_text][\/vc_column][\/vc_row]<\/p>\n","protected":false},"excerpt":{"rendered":"<p>[vc_row][vc_column][vc_single_image image=&#8221;763&#8243; img_size=&#8221;1000&#215;531&#8243; css=&#8221;.vc_custom_1491577520670{margin-bottom: 35px !important;}&#8221;][vc_column_text] Our Company Our company has been in constant development and expansion from its foundation to these days, and evolved into a successful organization holding its business site and office, vehicles and all tools meeting the highest requirements of the industry. Our main service is electric planning and implementation. As&hellip;<\/p>\n","protected":false},"author":1,"featured_media":0,"parent":1845,"menu_order":0,"comment_status":"closed","ping_status":"closed","template":"","meta":[],"_links":{"self":[{"href":"https:\/\/villanyasz.eu\/en\/wp-json\/wp\/v2\/pages\/1840"}],"collection":[{"href":"https:\/\/villanyasz.eu\/en\/wp-json\/wp\/v2\/pages"}],"about":[{"href":"https:\/\/villanyasz.eu\/en\/wp-json\/wp\/v2\/types\/page"}],"author":[{"embeddable":true,"href":"https:\/\/villanyasz.eu\/en\/wp-json\/wp\/v2\/users\/1"}],"replies":[{"embeddable":true,"href":"https:\/\/villanyasz.eu\/en\/wp-json\/wp\/v2\/comments?post=1840"}],"version-history":[{"count":2,"href":"https:\/\/villanyasz.eu\/en\/wp-json\/wp\/v2\/pages\/1840\/revisions"}],"predecessor-version":[{"id":1881,"href":"https:\/\/villanyasz.eu\/en\/wp-json\/wp\/v2\/pages\/1840\/revisions\/1881"}],"up":[{"embeddable":true,"href":"https:\/\/villanyasz.eu\/en\/wp-json\/wp\/v2\/pages\/1845"}],"wp:attachment":[{"href":"https:\/\/villanyasz.eu\/en\/wp-json\/wp\/v2\/media?parent=1840"}],"curies":[{"name":"wp","href":"https:\/\/api.w.org\/{rel}","templated":true}]}}