{"id":1843,"date":"2017-04-06T19:03:45","date_gmt":"2017-04-06T19:03:45","guid":{"rendered":"http:\/\/villanyasz.eu\/karrier\/villanyszerelo\/"},"modified":"2017-04-06T19:03:45","modified_gmt":"2017-04-06T19:03:45","slug":"villanyszerelo","status":"publish","type":"page","link":"https:\/\/villanyasz.eu\/en\/karrier\/villanyszerelo\/","title":{"rendered":"Villanyszerel\u0151"},"content":{"rendered":"<p>[vc_row][vc_column][vc_single_image image=&#8221;1020&#8243; img_size=&#8221;1000&#215;531&#8243; css=&#8221;.vc_custom_1494247933157{margin-bottom: 35px !important;}&#8221;][vc_column_text]<\/p>\n<h2>Villanyszerel\u0151<\/h2>\n<p><strong><u>Feladatok:<\/u><br \/>\n<\/strong><\/p>\n<ul>\n<li>az \u00e1ramell\u00e1t\u00e1shoz sz\u00fcks\u00e9ges vezet\u00e9krendszer szerel\u00e9se\/jav\u00edt\u00e1sa<\/li>\n<li>k\u00fcl\u00f6nb\u00f6z\u0151 fogyaszt\u00f3k villamos h\u00e1l\u00f3zatba t\u00f6rt\u00e9n\u0151 bek\u00f6t\u00e9se<\/li>\n<li>munk\u00e1hoz sz\u00fcks\u00e9ges anyagok \u00f6ssze\u00edr\u00e1sa, el\u0151k\u00e9sz\u00edt\u00e9se<\/li>\n<li>sz\u00e1ll\u00edt\u00f3levelek, munkalapok pontos dokument\u00e1l\u00e1sa<\/li>\n<\/ul>\n<p><strong><u>Elv\u00e1r\u00e1sok:<\/u><\/strong><\/p>\n<ul>\n<li>szakir\u00e1ny\u00fa v\u00e9gzetts\u00e9g<\/li>\n<li>hat\u00e9kony, pontos munkav\u00e9gz\u00e9s<\/li>\n<li>felel\u0151ss\u00e9gtudat<\/li>\n<li>munka \u201e\u00e9szrev\u00e9tel\u00e9hez\u201d val\u00f3 k\u00e9pess\u00e9g<\/li>\n<\/ul>\n<p><strong><u>\u00a0El\u0151ny:<\/u><\/strong><\/p>\n<ul>\n<li>\u201eB\u201d kateg\u00f3ri\u00e1s jogos\u00edtv\u00e1ny<\/li>\n<\/ul>\n<p><strong><u>Amit k\u00edn\u00e1lunk:<\/u><\/strong><\/p>\n<ul>\n<li>hossz\u00fat\u00e1v\u00fa munkalehet\u0151s\u00e9g 8 \u00f3r\u00e1s bejelentett munkaviszonnyal<\/li>\n<li>Pest megye ter\u00fclet\u00e9n kiemelked\u0151 juttat\u00e1s<\/li>\n<li>rendezett k\u00f6rnyezet, korszer\u0171 felszerel\u00e9sek<\/li>\n<li>seg\u00edt\u0151k\u00e9sz, motiv\u00e1l\u00f3 csapat<\/li>\n<\/ul>\n<p><strong><u>Egy\u00e9b juttat\u00e1s:<\/u><\/strong><\/p>\n<ul>\n<li>cafet\u00e9ria<\/li>\n<\/ul>\n<p>&nbsp;<\/p>\n<p>F\u00e9nyk\u00e9pes \u00f6n\u00e9letrajzokat a <a href=\"mailto:karrier@villanyasz.eu\">karrier@villanyasz.eu<\/a> e-mail c\u00edmre v\u00e1rjuk.<\/p>\n<p>A t\u00e1rgyban k\u00e9rj\u00fck felt\u00fcntetni a bet\u00f6lteni k\u00edv\u00e1nt poz\u00edci\u00f3t: \u201eVillanyszerel\u0151\u201d.<\/p>\n<p>&nbsp;<\/p>\n<p>[\/vc_column_text][\/vc_column][\/vc_row]<\/p>\n","protected":false},"excerpt":{"rendered":"<p>[vc_row][vc_column][vc_single_image image=&#8221;1020&#8243; img_size=&#8221;1000&#215;531&#8243; css=&#8221;.vc_custom_1494247933157{margin-bottom: 35px !important;}&#8221;][vc_column_text] Villanyszerel\u0151 Feladatok: az \u00e1ramell\u00e1t\u00e1shoz sz\u00fcks\u00e9ges vezet\u00e9krendszer szerel\u00e9se\/jav\u00edt\u00e1sa k\u00fcl\u00f6nb\u00f6z\u0151 fogyaszt\u00f3k villamos h\u00e1l\u00f3zatba t\u00f6rt\u00e9n\u0151 bek\u00f6t\u00e9se munk\u00e1hoz sz\u00fcks\u00e9ges anyagok \u00f6ssze\u00edr\u00e1sa, el\u0151k\u00e9sz\u00edt\u00e9se sz\u00e1ll\u00edt\u00f3levelek, munkalapok pontos dokument\u00e1l\u00e1sa Elv\u00e1r\u00e1sok: szakir\u00e1ny\u00fa v\u00e9gzetts\u00e9g hat\u00e9kony, pontos munkav\u00e9gz\u00e9s felel\u0151ss\u00e9gtudat munka \u201e\u00e9szrev\u00e9tel\u00e9hez\u201d val\u00f3 k\u00e9pess\u00e9g \u00a0El\u0151ny: \u201eB\u201d kateg\u00f3ri\u00e1s jogos\u00edtv\u00e1ny Amit k\u00edn\u00e1lunk: hossz\u00fat\u00e1v\u00fa munkalehet\u0151s\u00e9g 8 \u00f3r\u00e1s bejelentett munkaviszonnyal Pest megye ter\u00fclet\u00e9n kiemelked\u0151&hellip;<\/p>\n","protected":false},"author":1,"featured_media":0,"parent":1842,"menu_order":0,"comment_status":"closed","ping_status":"closed","template":"","meta":[],"_links":{"self":[{"href":"https:\/\/villanyasz.eu\/en\/wp-json\/wp\/v2\/pages\/1843"}],"collection":[{"href":"https:\/\/villanyasz.eu\/en\/wp-json\/wp\/v2\/pages"}],"about":[{"href":"https:\/\/villanyasz.eu\/en\/wp-json\/wp\/v2\/types\/page"}],"author":[{"embeddable":true,"href":"https:\/\/villanyasz.eu\/en\/wp-json\/wp\/v2\/users\/1"}],"replies":[{"embeddable":true,"href":"https:\/\/villanyasz.eu\/en\/wp-json\/wp\/v2\/comments?post=1843"}],"version-history":[{"count":0,"href":"https:\/\/villanyasz.eu\/en\/wp-json\/wp\/v2\/pages\/1843\/revisions"}],"up":[{"embeddable":true,"href":"https:\/\/villanyasz.eu\/en\/wp-json\/wp\/v2\/pages\/1842"}],"wp:attachment":[{"href":"https:\/\/villanyasz.eu\/en\/wp-json\/wp\/v2\/media?parent=1843"}],"curies":[{"name":"wp","href":"https:\/\/api.w.org\/{rel}","templated":true}]}}