{"id":1850,"date":"2016-06-03T12:15:53","date_gmt":"2016-06-03T10:15:53","guid":{"rendered":"http:\/\/villanyasz.eu\/home\/"},"modified":"2024-06-17T15:38:15","modified_gmt":"2024-06-17T13:38:15","slug":"home","status":"publish","type":"page","link":"https:\/\/villanyasz.eu\/en\/","title":{"rendered":"Homepage"},"content":{"rendered":"<p>[vc_row type=&#8221;vc_default&#8221; content_placement=&#8221;top&#8221; css=&#8221;.vc_custom_1491773606137{padding-bottom: 55px !important;}&#8221;][vc_column offset=&#8221;vc_col-lg-offset-0 vc_col-lg-6 vc_col-md-offset-0 vc_col-md-6 vc_col-xs-12&#8243;]\n<ul class=\"slider-simple shortcode-photo-slider photoSlider\" data-width=\"800\" data-height=\"600\" data-autoslide=\"5000\" data-paused=\"false\" style=\"width: 100%\" data-img-mode=\"fill\">\n\t<li>\n\t\t<img loading=\"lazy\" decoding=\"async\" class=\"preload-me\" src=\"https:\/\/villanyasz.eu\/vllnysz17\/wp-content\/uploads\/ref-04.jpg\" srcset=\"https:\/\/villanyasz.eu\/vllnysz17\/wp-content\/uploads\/ref-04.jpg 800w\" width=\"800\" height=\"600\"  alt=\"\"  \/>\n\t\t<div class=\"slider-post-caption\">\n\t\t\t<div class=\"slider-post-inner\">\n\t\t\t\t<h4>Mandarin Szalon, Cegl\u00e9d<\/h4>\n\t\t\t<\/div>\n\t\t<\/div><\/li>\n\t<li>\n\t\t<img loading=\"lazy\" decoding=\"async\" class=\"preload-me\" src=\"https:\/\/villanyasz.eu\/vllnysz17\/wp-content\/uploads\/ref-00.jpg\" srcset=\"https:\/\/villanyasz.eu\/vllnysz17\/wp-content\/uploads\/ref-00.jpg 800w\" width=\"800\" height=\"600\"  alt=\"\"  \/>\n\t\t<div class=\"slider-post-caption\">\n\t\t\t<div class=\"slider-post-inner\">\n\t\t\t\t<h4>Cegl\u00e9di \u00d6nkorm\u00e1nyzat<\/h4>\n\t\t\t<\/div>\n\t\t<\/div><\/li>\n\t<li>\n\t\t<img loading=\"lazy\" decoding=\"async\" class=\"preload-me\" src=\"https:\/\/villanyasz.eu\/vllnysz17\/wp-content\/uploads\/ref-05.jpg\" srcset=\"https:\/\/villanyasz.eu\/vllnysz17\/wp-content\/uploads\/ref-05.jpg 800w\" width=\"800\" height=\"600\"  alt=\"\"  \/>\n\t\t<div class=\"slider-post-caption\">\n\t\t\t<div class=\"slider-post-inner\">\n\t\t\t\t<h4>Clemens Optika, Cegl\u00e9d<\/h4>\n\t\t\t<\/div>\n\t\t<\/div><\/li>\n\t<li>\n\t\t<img loading=\"lazy\" decoding=\"async\" class=\"preload-me\" src=\"https:\/\/villanyasz.eu\/vllnysz17\/wp-content\/uploads\/ref-02.jpg\" srcset=\"https:\/\/villanyasz.eu\/vllnysz17\/wp-content\/uploads\/ref-02.jpg 800w\" width=\"800\" height=\"600\"  alt=\"\"  \/><\/li>\n\t<li>\n\t\t<img loading=\"lazy\" decoding=\"async\" class=\"preload-me\" src=\"https:\/\/villanyasz.eu\/vllnysz17\/wp-content\/uploads\/ref-03.jpg\" srcset=\"https:\/\/villanyasz.eu\/vllnysz17\/wp-content\/uploads\/ref-03.jpg 800w\" width=\"800\" height=\"600\"  alt=\"\"  \/><\/li>\n\t<li>\n\t\t<img loading=\"lazy\" decoding=\"async\" class=\"preload-me\" src=\"https:\/\/villanyasz.eu\/vllnysz17\/wp-content\/uploads\/ref-01.jpg\" srcset=\"https:\/\/villanyasz.eu\/vllnysz17\/wp-content\/uploads\/ref-01.jpg 800w\" width=\"800\" height=\"600\"  alt=\"\"  \/><\/li><\/ul>[\/vc_column][vc_column offset=&#8221;vc_col-lg-6 vc_col-md-6 vc_col-xs-12&#8243;]<div id=\"ultimate-heading-31756a03182434c85\" class=\"uvc-heading ult-adjust-bottom-margin ultimate-heading-31756a03182434c85 uvc-7483 \" data-hspacer=\"no_spacer\"  data-halign=\"left\" style=\"text-align:left\"><div class=\"uvc-heading-spacer no_spacer\" style=\"top\"><\/div><div class=\"uvc-main-heading ult-responsive\"  data-ultimate-target='.uvc-heading.ultimate-heading-31756a03182434c85 h3'  data-responsive-json-new='{\"font-size\":\"desktop:30px;\",\"line-height\":\"desktop:40px;\"}' ><h3 style=\"font-family:'Raleway';font-weight:600;margin-bottom:20px;\">Company History<\/h3><\/div><\/div>[vc_column_text 0=&#8221;&#8221;]Our founder Gy\u00f6rgy Trnovszki started his career as an individual contractor in 1992. As a certified master electrician, he layed down the bases of our business with two colleagues. Later on as the client base kept expanding dynamicly, it became necessary to serve their needs with more professional workforce involved, in a different business form. So in 2001 Villany\u00e1sz Limited was established by our founder and his wife Ms. Gy\u00f6rgyn\u00e9 Trnovszki as partner. In the beginning, the founder\u2019s home served as base of operations, where they prepared a workshop, office space and garage.<\/p>\n<p>During the years, we made sure to meet the new and ever changing professional challenges with constant development and trainings. Thanks to that, today we have finely trained and experienced colleagues working with excellent vehicles and tools.[\/vc_column_text]<a href=\"http:\/\/villanyasz.eu\/en\/about-us\/our-company\/\" class=\"btn-shortcode dt-btn-m dt-btn default-btn-color default-btn-hover-color default-btn-bg-color default-btn-bg-hover-color anchor-link\" id=\"dt-btn-1\"><span>Read More<\/span><\/a>[\/vc_column][\/vc_row][vc_row type=&#8221;vc_default&#8221; bg_type=&#8221;image&#8221; parallax_style=&#8221;vcpb-vz-jquery&#8221; bg_image_new=&#8221;id^752|url^http:\/\/villanyasz.eu\/vllnysz17\/wp-content\/uploads\/pagetitleback.png|caption^null|alt^null|title^pagetitleback|description^null&#8221; bg_image_size=&#8221;initial&#8221; parallax_sense=&#8221;50&#8243; bg_override=&#8221;ex-full&#8221; enable_overlay=&#8221;enable_overlay_value&#8221; overlay_color=&#8221;rgba(48,48,48,0.41)&#8221; css=&#8221;.vc_custom_1491780843382{padding-top: 90px !important;padding-bottom: 100px !important;}&#8221;][vc_column width=&#8221;2\/3&#8243;]<div id=\"ultimate-heading-2036a03182434dae\" class=\"uvc-heading ult-adjust-bottom-margin ultimate-heading-2036a03182434dae uvc-2677 \" data-hspacer=\"no_spacer\"  data-halign=\"left\" style=\"text-align:left\"><div class=\"uvc-heading-spacer no_spacer\" style=\"top\"><\/div><div class=\"uvc-main-heading ult-responsive\"  data-ultimate-target='.uvc-heading.ultimate-heading-2036a03182434dae h1'  data-responsive-json-new='{\"font-size\":\"desktop:30px;\",\"line-height\":\"desktop:40px;\"}' ><h1 style=\"font-weight:bold;color:#ffffff;margin-bottom:20px;\">Take a look at our references!<\/h1><\/div><div class=\"uvc-sub-heading ult-responsive\"  data-ultimate-target='.uvc-heading.ultimate-heading-2036a03182434dae .uvc-sub-heading '  data-responsive-json-new='{\"font-size\":\"desktop:16px;\",\"line-height\":\"desktop:28px;\"}'  style=\"font-weight:normal;color:#ffffff;\">Take a look at our work, meet our partners!<\/div><\/div>[\/vc_column][vc_column width=&#8221;1\/3&#8243; css=&#8221;.vc_custom_1465915330978{margin-top: 25px !important;}&#8221;]<style type=\"text\/css\">#dt-btn-2 {color: #303030;background: #ffffff;}#dt-btn-2 > .text-wrap * {color: #303030;}#dt-btn-2:hover {color: #303030;background: rgba(255,255,255,0.85);}#dt-btn-2:hover > .text-wrap * {color: #303030;}<\/style><div class=\"text-centered\"><a href=\"http:\/\/villanyasz.eu\/en\/our-references\/\" class=\"btn-shortcode dt-btn-l dt-btn custom-btn-color custom-btn-hover-color full-width-btn\" id=\"dt-btn-2\"><span>View references<\/span><\/a><\/div>[\/vc_column][\/vc_row][vc_row type=&#8221;vc_default&#8221; css=&#8221;.vc_custom_1491783551489{padding-top: 30px !important;padding-bottom: 40px !important;}&#8221;][vc_column offset=&#8221;vc_col-lg-offset-2 vc_col-lg-8 vc_col-md-offset-2 vc_col-md-8&#8243;]<div id=\"ultimate-heading-84816a03182434e8f\" class=\"uvc-heading ult-adjust-bottom-margin ultimate-heading-84816a03182434e8f uvc-5272 \" data-hspacer=\"no_spacer\"  data-halign=\"center\" style=\"text-align:center\"><div class=\"uvc-heading-spacer no_spacer\" style=\"top\"><\/div><div class=\"uvc-main-heading ult-responsive\"  data-ultimate-target='.uvc-heading.ultimate-heading-84816a03182434e8f h1'  data-responsive-json-new='{\"font-size\":\"desktop:30px;\",\"line-height\":\"desktop:40px;\"}' ><h1 style=\"font-weight:bold;margin-bottom:10px;\">Our services<\/h1><\/div><\/div>[\/vc_column][vc_column width=&#8221;1\/4&#8243; css=&#8221;.vc_custom_1467283024074{padding-bottom: 40px !important;}&#8221;]<div class=\"ult-just-icon-wrapper  \"><div class=\"align-icon\" style=\"text-align:center;\">\n<div class=\"aio-icon advanced \" data-animation=\"fadeInDown\" data-animation-delay=\"03\" style=\"color:#85bd41;background:#ffffff;border-style:solid;border-color:#85bd41;border-width:3px;width:80px;height:80px;line-height:80px;border-radius:500px;font-size:44px;display:inline-block;\">\n\t<i class=\"icomoon-brankic-32x32-cog2\"><\/i>\n<\/div><\/div><\/div><div id=\"ultimate-heading-27446a03182434fd1\" class=\"uvc-heading ult-adjust-bottom-margin ultimate-heading-27446a03182434fd1 uvc-9444 \" data-hspacer=\"no_spacer\"  data-halign=\"center\" style=\"text-align:center\"><div class=\"uvc-heading-spacer no_spacer\" style=\"top\"><\/div><div class=\"uvc-main-heading ult-responsive\"  data-ultimate-target='.uvc-heading.ultimate-heading-27446a03182434fd1 h3'  data-responsive-json-new='{\"font-size\":\"\",\"line-height\":\"\"}' ><h3 style=\"font-weight:bold;margin-top:28px;margin-bottom:20px;\">Industrial Solutions<\/h3><\/div><div class=\"uvc-sub-heading ult-responsive\"  data-ultimate-target='.uvc-heading.ultimate-heading-27446a03182434fd1 .uvc-sub-heading '  data-responsive-json-new='{\"font-size\":\"desktop:14px;\",\"line-height\":\"desktop:28px;\"}'  style=\"font-weight:normal;margin-bottom:15px;\">We know all the tasks, problems and solutions specific to the segment.<\/div><\/div><div class=\"text-centered\"><a href=\"http:\/\/villanyasz.eu\/en\/our-services\/industrial-solutions\/\" class=\"btn-shortcode dt-btn-m dt-btn default-btn-color default-btn-hover-color default-btn-bg-color default-btn-bg-hover-color flipInY animate-element animation-builder anchor-link\" id=\"dt-btn-3\"><span>Read More<\/span><\/a><\/div>[\/vc_column][vc_column width=&#8221;1\/4&#8243; css=&#8221;.vc_custom_1467283031634{padding-bottom: 40px !important;}&#8221;]<div class=\"ult-just-icon-wrapper  \"><div class=\"align-icon\" style=\"text-align:center;\">\n<div class=\"aio-icon advanced \" data-animation=\"fadeInDown\" data-animation-delay=\"03\" style=\"color:#85bd41;background:#ffffff;border-style:solid;border-color:#85bd41;border-width:3px;width:80px;height:80px;line-height:80px;border-radius:500px;font-size:42px;display:inline-block;\">\n\t<i class=\"Defaults-home\"><\/i>\n<\/div><\/div><\/div><div id=\"ultimate-heading-48826a031824350f7\" class=\"uvc-heading ult-adjust-bottom-margin ultimate-heading-48826a031824350f7 uvc-494 \" data-hspacer=\"no_spacer\"  data-halign=\"center\" style=\"text-align:center\"><div class=\"uvc-heading-spacer no_spacer\" style=\"top\"><\/div><div class=\"uvc-main-heading ult-responsive\"  data-ultimate-target='.uvc-heading.ultimate-heading-48826a031824350f7 h3'  data-responsive-json-new='{\"font-size\":\"\",\"line-height\":\"\"}' ><h3 style=\"font-weight:bold;margin-top:28px;margin-bottom:20px;\">Family Estates<\/h3><\/div><div class=\"uvc-sub-heading ult-responsive\"  data-ultimate-target='.uvc-heading.ultimate-heading-48826a031824350f7 .uvc-sub-heading '  data-responsive-json-new='{\"font-size\":\"desktop:14px;\",\"line-height\":\"desktop:28px;\"}'  style=\"font-weight:normal;margin-bottom:15px;\">We build family homes and apartment buildings for individuals and businesses.<\/div><\/div><div class=\"text-centered\"><a href=\"http:\/\/villanyasz.eu\/en\/our-services\/family-estates\/\" class=\"btn-shortcode dt-btn-m dt-btn default-btn-color default-btn-hover-color default-btn-bg-color default-btn-bg-hover-color flipInY animate-element animation-builder anchor-link\" id=\"dt-btn-4\"><span>Read More<\/span><\/a><\/div>[\/vc_column][vc_column width=&#8221;1\/4&#8243; css=&#8221;.vc_custom_1467283041005{padding-bottom: 40px !important;}&#8221;]<div class=\"ult-just-icon-wrapper  \"><div class=\"align-icon\" style=\"text-align:center;\">\n<div class=\"aio-icon advanced \" data-animation=\"fadeInDown\" data-animation-delay=\"03\" style=\"color:#85bd41;background:#ffffff;border-style:solid;border-color:#85bd41;border-width:3px;width:80px;height:80px;line-height:80px;border-radius:500px;font-size:44px;display:inline-block;\">\n\t<i class=\"icomoon-brankic-32x32-tools\"><\/i>\n<\/div><\/div><\/div><div id=\"ultimate-heading-59996a031824351f3\" class=\"uvc-heading ult-adjust-bottom-margin ultimate-heading-59996a031824351f3 uvc-8214 \" data-hspacer=\"no_spacer\"  data-halign=\"center\" style=\"text-align:center\"><div class=\"uvc-heading-spacer no_spacer\" style=\"top\"><\/div><div class=\"uvc-main-heading ult-responsive\"  data-ultimate-target='.uvc-heading.ultimate-heading-59996a031824351f3 h3'  data-responsive-json-new='{\"font-size\":\"\",\"line-height\":\"\"}' ><h3 style=\"font-weight:bold;margin-top:28px;margin-bottom:20px;\">Maintenance<\/h3><\/div><div class=\"uvc-sub-heading ult-responsive\"  data-ultimate-target='.uvc-heading.ultimate-heading-59996a031824351f3 .uvc-sub-heading '  data-responsive-json-new='{\"font-size\":\"desktop:14px;\",\"line-height\":\"desktop:28px;\"}'  style=\"font-weight:normal;margin-bottom:15px;\">We undertake full or partial electrical maintenance of industrial facilities, relocation of machinery and equipment.<\/div><\/div><div class=\"text-centered\"><a href=\"http:\/\/villanyasz.eu\/en\/our-services\/maintenance\/\" class=\"btn-shortcode dt-btn-m dt-btn default-btn-color default-btn-hover-color default-btn-bg-color default-btn-bg-hover-color flipInY animate-element animation-builder anchor-link\" id=\"dt-btn-5\"><span>Read More<\/span><\/a><\/div>[\/vc_column][vc_column width=&#8221;1\/4&#8243; css=&#8221;.vc_custom_1467283046468{padding-bottom: 40px !important;}&#8221;]<div class=\"ult-just-icon-wrapper  \"><div class=\"align-icon\" style=\"text-align:center;\">\n<div class=\"aio-icon advanced \" data-animation=\"fadeInDown\" data-animation-delay=\"03\" style=\"color:#85bd41;background:#ffffff;border-style:solid;border-color:#85bd41;border-width:3px;width:80px;height:80px;line-height:80px;border-radius:500px;font-size:44px;display:inline-block;\">\n\t<i class=\"Defaults-bolt flash\"><\/i>\n<\/div><\/div><\/div><div id=\"ultimate-heading-20766a0318243533d\" class=\"uvc-heading ult-adjust-bottom-margin ultimate-heading-20766a0318243533d uvc-1278 \" data-hspacer=\"no_spacer\"  data-halign=\"center\" style=\"text-align:center\"><div class=\"uvc-heading-spacer no_spacer\" style=\"top\"><\/div><div class=\"uvc-main-heading ult-responsive\"  data-ultimate-target='.uvc-heading.ultimate-heading-20766a0318243533d h3'  data-responsive-json-new='{\"font-size\":\"\",\"line-height\":\"\"}' ><h3 style=\"font-weight:bold;margin-top:28px;margin-bottom:20px;\">General activity<\/h3><\/div><div class=\"uvc-sub-heading ult-responsive\"  data-ultimate-target='.uvc-heading.ultimate-heading-20766a0318243533d .uvc-sub-heading '  data-responsive-json-new='{\"font-size\":\"desktop:14px;\",\"line-height\":\"desktop:28px;\"}'  style=\"font-weight:normal;margin-bottom:15px;\">If required, we can also help you plan and design the lighting or electrical system.<\/div><\/div><div class=\"text-centered\"><a href=\"http:\/\/villanyasz.eu\/en\/our-services\/general-services\/\" class=\"btn-shortcode dt-btn-m dt-btn default-btn-color default-btn-hover-color default-btn-bg-color default-btn-bg-hover-color flipInY animate-element animation-builder anchor-link\" id=\"dt-btn-6\"><span>Read More<\/span><\/a><\/div>[\/vc_column][\/vc_row]<\/p>\n","protected":false},"excerpt":{"rendered":"<p>[vc_row type=&#8221;vc_default&#8221; content_placement=&#8221;top&#8221; css=&#8221;.vc_custom_1491773606137{padding-bottom: 55px !important;}&#8221;][vc_column offset=&#8221;vc_col-lg-offset-0 vc_col-lg-6 vc_col-md-offset-0 vc_col-md-6 vc_col-xs-12&#8243;][\/vc_column][vc_column offset=&#8221;vc_col-lg-6 vc_col-md-6 vc_col-xs-12&#8243;][vc_column_text 0=&#8221;&#8221;]Our founder Gy\u00f6rgy Trnovszki started his career as an individual contractor in 1992. As a certified master electrician, he layed down the bases of our business with two colleagues. Later on as the client base kept expanding dynamicly, it became necessary&hellip;<\/p>\n","protected":false},"author":1,"featured_media":0,"parent":0,"menu_order":0,"comment_status":"closed","ping_status":"closed","template":"","meta":[],"_links":{"self":[{"href":"https:\/\/villanyasz.eu\/en\/wp-json\/wp\/v2\/pages\/1850"}],"collection":[{"href":"https:\/\/villanyasz.eu\/en\/wp-json\/wp\/v2\/pages"}],"about":[{"href":"https:\/\/villanyasz.eu\/en\/wp-json\/wp\/v2\/types\/page"}],"author":[{"embeddable":true,"href":"https:\/\/villanyasz.eu\/en\/wp-json\/wp\/v2\/users\/1"}],"replies":[{"embeddable":true,"href":"https:\/\/villanyasz.eu\/en\/wp-json\/wp\/v2\/comments?post=1850"}],"version-history":[{"count":25,"href":"https:\/\/villanyasz.eu\/en\/wp-json\/wp\/v2\/pages\/1850\/revisions"}],"predecessor-version":[{"id":1976,"href":"https:\/\/villanyasz.eu\/en\/wp-json\/wp\/v2\/pages\/1850\/revisions\/1976"}],"wp:attachment":[{"href":"https:\/\/villanyasz.eu\/en\/wp-json\/wp\/v2\/media?parent=1850"}],"curies":[{"name":"wp","href":"https:\/\/api.w.org\/{rel}","templated":true}]}}